{"id":371,"date":"2024-04-29T10:29:36","date_gmt":"2024-04-29T10:29:36","guid":{"rendered":"http:\/\/webgurug.com\/pankaj\/?page_id=371"},"modified":"2024-11-19T11:24:59","modified_gmt":"2024-11-19T11:24:59","slug":"testimonial","status":"publish","type":"page","link":"https:\/\/shrinkconsulting.com\/usa\/testimonial\/","title":{"rendered":"Testimonial"},"content":{"rendered":"\t\t<div data-elementor-type=\"wp-page\" data-elementor-id=\"371\" class=\"elementor elementor-371\" data-elementor-post-type=\"page\">\n\t\t\t\t\t\t<section class=\"elementor-section elementor-top-section elementor-element elementor-element-b10af0d elementor-section-height-min-height elementor-section-boxed elementor-section-height-default elementor-section-items-middle\" data-id=\"b10af0d\" data-element_type=\"section\" data-e-type=\"section\" data-settings=\"{&quot;background_background&quot;:&quot;classic&quot;}\">\n\t\t\t\t\t\t<div class=\"elementor-container elementor-column-gap-default\">\n\t\t\t\t\t<div class=\"elementor-column elementor-col-100 elementor-top-column elementor-element elementor-element-1bdf03a\" data-id=\"1bdf03a\" data-element_type=\"column\" data-e-type=\"column\">\n\t\t\t<div class=\"elementor-widget-wrap elementor-element-populated\">\n\t\t\t\t\t\t<div class=\"elementor-element elementor-element-9d614b4 animated-slow elementor-invisible elementor-widget elementor-widget-heading\" data-id=\"9d614b4\" data-element_type=\"widget\" data-e-type=\"widget\" data-settings=\"{&quot;motion_fx_motion_fx_scrolling&quot;:&quot;yes&quot;,&quot;motion_fx_range&quot;:&quot;page&quot;,&quot;_animation&quot;:&quot;zoomIn&quot;,&quot;motion_fx_devices&quot;:[&quot;desktop&quot;,&quot;tablet&quot;,&quot;mobile&quot;]}\" data-widget_type=\"heading.default\">\n\t\t\t\t<div class=\"elementor-widget-container\">\n\t\t\t\t\t<h2 class=\"elementor-heading-title elementor-size-default\">Testimonial's<\/h2>\t\t\t\t<\/div>\n\t\t\t\t<\/div>\n\t\t\t\t\t<\/div>\n\t\t<\/div>\n\t\t\t\t\t<\/div>\n\t\t<\/section>\n\t\t\t\t<section class=\"elementor-section elementor-top-section elementor-element elementor-element-1768166 elementor-section-boxed elementor-section-height-default elementor-section-height-default\" data-id=\"1768166\" data-element_type=\"section\" data-e-type=\"section\" data-settings=\"{&quot;background_background&quot;:&quot;classic&quot;}\">\n\t\t\t\t\t\t<div class=\"elementor-container elementor-column-gap-default\">\n\t\t\t\t\t<div class=\"elementor-column elementor-col-100 elementor-top-column elementor-element elementor-element-466c1b3\" data-id=\"466c1b3\" data-element_type=\"column\" data-e-type=\"column\">\n\t\t\t<div class=\"elementor-widget-wrap elementor-element-populated\">\n\t\t\t\t\t\t<section class=\"elementor-section elementor-inner-section elementor-element elementor-element-aa0d3f1 elementor-section-boxed elementor-section-height-default elementor-section-height-default\" data-id=\"aa0d3f1\" data-element_type=\"section\" data-e-type=\"section\">\n\t\t\t\t\t\t<div class=\"elementor-container elementor-column-gap-default\">\n\t\t\t\t\t<div class=\"elementor-column elementor-col-50 elementor-inner-column elementor-element elementor-element-ba1eb5d\" data-id=\"ba1eb5d\" data-element_type=\"column\" data-e-type=\"column\">\n\t\t\t<div class=\"elementor-widget-wrap elementor-element-populated\">\n\t\t\t\t\t\t<div class=\"elementor-element elementor-element-ab4f86a testimonial-class elementor-invisible elementor-widget elementor-widget-testimonial\" data-id=\"ab4f86a\" data-element_type=\"widget\" data-e-type=\"widget\" data-settings=\"{&quot;_animation&quot;:&quot;slideInUp&quot;}\" data-widget_type=\"testimonial.default\">\n\t\t\t\t<div class=\"elementor-widget-container\">\n\t\t\t\t\t\t\t<div class=\"elementor-testimonial-wrapper\">\n\t\t\t\t\t\t\t<div class=\"elementor-testimonial-content\">\"I worked with Pankaj and it's company for approximately two years. He has always done a proper and thorough job, and delivered on every deadline. He always made sure to perform on a high level and it was a pleasure to work with him, and I would gladly work with him again.\"\n\n<\/div>\n\t\t\t\n\t\t\t\t\t\t<div class=\"elementor-testimonial-meta elementor-has-image elementor-testimonial-image-position-aside\">\n\t\t\t\t<div class=\"elementor-testimonial-meta-inner\">\n\t\t\t\t\t\t\t\t\t\t\t<div class=\"elementor-testimonial-image\">\n\t\t\t\t\t\t\t<img decoding=\"async\" width=\"80\" height=\"80\" src=\"https:\/\/shrinkconsulting.com\/usa\/wp-content\/uploads\/2024\/04\/veronica-malcher-1.png\" class=\"attachment-full size-full wp-image-388\" alt=\"\" style=\"width:100%;height:100%;max-width:80px\" \/>\t\t\t\t\t\t<\/div>\n\t\t\t\t\t\n\t\t\t\t\t\t\t\t\t\t<div class=\"elementor-testimonial-details\">\n\t\t\t\t\t\t\t\t\t\t\t\t\t\t<div class=\"elementor-testimonial-name\">Veronica Melcher<\/div>\n\t\t\t\t\t\t\t\t\t\t\t\t\t\t\t\t\t\t\t\t\t\t<div class=\"elementor-testimonial-job\">CFO in Bokoredo<\/div>\n\t\t\t\t\t\t\t\t\t\t\t\t\t<\/div>\n\t\t\t\t\t\t\t\t\t<\/div>\n\t\t\t<\/div>\n\t\t\t\t\t<\/div>\n\t\t\t\t\t\t<\/div>\n\t\t\t\t<\/div>\n\t\t\t\t\t<\/div>\n\t\t<\/div>\n\t\t\t\t<div class=\"elementor-column elementor-col-50 elementor-inner-column elementor-element elementor-element-0b0c0d6\" data-id=\"0b0c0d6\" data-element_type=\"column\" data-e-type=\"column\">\n\t\t\t<div class=\"elementor-widget-wrap elementor-element-populated\">\n\t\t\t\t\t\t<div class=\"elementor-element elementor-element-b3e1331 testimonial-class elementor-invisible elementor-widget elementor-widget-testimonial\" data-id=\"b3e1331\" data-element_type=\"widget\" data-e-type=\"widget\" data-settings=\"{&quot;_animation&quot;:&quot;slideInUp&quot;}\" data-widget_type=\"testimonial.default\">\n\t\t\t\t<div class=\"elementor-widget-container\">\n\t\t\t\t\t\t\t<div class=\"elementor-testimonial-wrapper\">\n\t\t\t\t\t\t\t<div class=\"elementor-testimonial-content\">Pankaj Rajora in Shrinkconsulting used to be a part of my team working with Swedish accounting. Pankaj has experience doing monthly closing,  salary and experience from several platforms for sale online and in store.<\/div>\n\t\t\t\n\t\t\t\t\t\t<div class=\"elementor-testimonial-meta elementor-has-image elementor-testimonial-image-position-aside\">\n\t\t\t\t<div class=\"elementor-testimonial-meta-inner\">\n\t\t\t\t\t\t\t\t\t\t\t<div class=\"elementor-testimonial-image\">\n\t\t\t\t\t\t\t<img decoding=\"async\" width=\"80\" height=\"80\" src=\"https:\/\/shrinkconsulting.com\/usa\/wp-content\/uploads\/2024\/04\/caroline.png\" class=\"attachment-full size-full wp-image-448\" alt=\"\" style=\"width:100%;height:100%;max-width:80px\" \/>\t\t\t\t\t\t<\/div>\n\t\t\t\t\t\n\t\t\t\t\t\t\t\t\t\t<div class=\"elementor-testimonial-details\">\n\t\t\t\t\t\t\t\t\t\t\t\t\t\t<div class=\"elementor-testimonial-name\">Caroline Falk Nordin<\/div>\n\t\t\t\t\t\t\t\t\t\t\t\t\t\t\t\t\t\t\t\t\t\t<div class=\"elementor-testimonial-job\">Sweden<\/div>\n\t\t\t\t\t\t\t\t\t\t\t\t\t<\/div>\n\t\t\t\t\t\t\t\t\t<\/div>\n\t\t\t<\/div>\n\t\t\t\t\t<\/div>\n\t\t\t\t\t\t<\/div>\n\t\t\t\t<\/div>\n\t\t\t\t\t<\/div>\n\t\t<\/div>\n\t\t\t\t\t<\/div>\n\t\t<\/section>\n\t\t\t\t<section class=\"elementor-section elementor-inner-section elementor-element elementor-element-69e25fc elementor-section-boxed elementor-section-height-default elementor-section-height-default\" data-id=\"69e25fc\" data-element_type=\"section\" data-e-type=\"section\">\n\t\t\t\t\t\t<div class=\"elementor-container elementor-column-gap-default\">\n\t\t\t\t\t<div class=\"elementor-column elementor-col-50 elementor-inner-column elementor-element elementor-element-542578f\" data-id=\"542578f\" data-element_type=\"column\" data-e-type=\"column\">\n\t\t\t<div class=\"elementor-widget-wrap elementor-element-populated\">\n\t\t\t\t\t\t<div class=\"elementor-element elementor-element-80699a6 testimonial-class elementor-invisible elementor-widget elementor-widget-testimonial\" data-id=\"80699a6\" data-element_type=\"widget\" data-e-type=\"widget\" data-settings=\"{&quot;_animation&quot;:&quot;slideInUp&quot;}\" data-widget_type=\"testimonial.default\">\n\t\t\t\t<div class=\"elementor-widget-container\">\n\t\t\t\t\t\t\t<div class=\"elementor-testimonial-wrapper\">\n\t\t\t\t\t\t\t<div class=\"elementor-testimonial-content\">''Jag var orolig f\u00f6r att g\u00f6ra allt mitt arbete och sedan s\u00e5g jag den f\u00f6rsta m\u00e5nadsrapporten f\u00f6r att inse att jag hade fel nu har det varit 3 \u00e5rs arbete med dem bra team forts\u00e4tt s\u00e5 killar.''<\/div>\n\t\t\t\n\t\t\t\t\t\t<div class=\"elementor-testimonial-meta elementor-has-image elementor-testimonial-image-position-aside\">\n\t\t\t\t<div class=\"elementor-testimonial-meta-inner\">\n\t\t\t\t\t\t\t\t\t\t\t<div class=\"elementor-testimonial-image\">\n\t\t\t\t\t\t\t<img decoding=\"async\" width=\"80\" height=\"80\" src=\"https:\/\/shrinkconsulting.com\/usa\/wp-content\/uploads\/2024\/04\/client-2.png\" class=\"attachment-full size-full wp-image-393\" alt=\"\" style=\"width:100%;height:100%;max-width:80px\" \/>\t\t\t\t\t\t<\/div>\n\t\t\t\t\t\n\t\t\t\t\t\t\t\t\t\t<div class=\"elementor-testimonial-details\">\n\t\t\t\t\t\t\t\t\t\t\t\t\t\t<div class=\"elementor-testimonial-name\">Henrik \u00d6sterman<\/div>\n\t\t\t\t\t\t\t\t\t\t\t\t\t\t\t\t\t\t\t\t\t\t<div class=\"elementor-testimonial-job\">Sweden<\/div>\n\t\t\t\t\t\t\t\t\t\t\t\t\t<\/div>\n\t\t\t\t\t\t\t\t\t<\/div>\n\t\t\t<\/div>\n\t\t\t\t\t<\/div>\n\t\t\t\t\t\t<\/div>\n\t\t\t\t<\/div>\n\t\t\t\t\t<\/div>\n\t\t<\/div>\n\t\t\t\t<div class=\"elementor-column elementor-col-50 elementor-inner-column elementor-element elementor-element-1956d9f\" data-id=\"1956d9f\" data-element_type=\"column\" data-e-type=\"column\">\n\t\t\t<div class=\"elementor-widget-wrap elementor-element-populated\">\n\t\t\t\t\t\t<div class=\"elementor-element elementor-element-f4efe0b testimonial-class elementor-invisible elementor-widget elementor-widget-testimonial\" data-id=\"f4efe0b\" data-element_type=\"widget\" data-e-type=\"widget\" data-settings=\"{&quot;_animation&quot;:&quot;slideInUp&quot;}\" data-widget_type=\"testimonial.default\">\n\t\t\t\t<div class=\"elementor-widget-container\">\n\t\t\t\t\t\t\t<div class=\"elementor-testimonial-wrapper\">\n\t\t\t\t\t\t\t<div class=\"elementor-testimonial-content\">Wow! I can't believe how easy it is for them to take care of our AR's and AP's. It feels like having a reliable partner who will always be there for us. Thanks for making our lives easier!<\/div>\n\t\t\t\n\t\t\t\t\t\t<div class=\"elementor-testimonial-meta\">\n\t\t\t\t<div class=\"elementor-testimonial-meta-inner\">\n\t\t\t\t\t\n\t\t\t\t\t\t\t\t\t\t<div class=\"elementor-testimonial-details\">\n\t\t\t\t\t\t\t\t\t\t\t\t\t\t<div class=\"elementor-testimonial-name\">Patrick Anterist<\/div>\n\t\t\t\t\t\t\t\t\t\t\t\t\t\t\t\t\t\t\t\t\t\t<div class=\"elementor-testimonial-job\">USA<\/div>\n\t\t\t\t\t\t\t\t\t\t\t\t\t<\/div>\n\t\t\t\t\t\t\t\t\t<\/div>\n\t\t\t<\/div>\n\t\t\t\t\t<\/div>\n\t\t\t\t\t\t<\/div>\n\t\t\t\t<\/div>\n\t\t\t\t\t<\/div>\n\t\t<\/div>\n\t\t\t\t\t<\/div>\n\t\t<\/section>\n\t\t\t\t<section class=\"elementor-section elementor-inner-section elementor-element elementor-element-c8e67ae elementor-section-boxed elementor-section-height-default elementor-section-height-default\" data-id=\"c8e67ae\" data-element_type=\"section\" data-e-type=\"section\">\n\t\t\t\t\t\t<div class=\"elementor-container elementor-column-gap-default\">\n\t\t\t\t\t<div class=\"elementor-column elementor-col-50 elementor-inner-column elementor-element elementor-element-32dae1b\" data-id=\"32dae1b\" data-element_type=\"column\" data-e-type=\"column\">\n\t\t\t<div class=\"elementor-widget-wrap elementor-element-populated\">\n\t\t\t\t\t\t<div class=\"elementor-element elementor-element-ad58cc6 testimonial-class elementor-invisible elementor-widget elementor-widget-testimonial\" data-id=\"ad58cc6\" data-element_type=\"widget\" data-e-type=\"widget\" data-settings=\"{&quot;_animation&quot;:&quot;slideInUp&quot;}\" data-widget_type=\"testimonial.default\">\n\t\t\t\t<div class=\"elementor-widget-container\">\n\t\t\t\t\t\t\t<div class=\"elementor-testimonial-wrapper\">\n\t\t\t\t\t\t\t<div class=\"elementor-testimonial-content\">Excellent team to work with. Great work. Will use their service again for sure. \nCompany The Large Group<\/div>\n\t\t\t\n\t\t\t\t\t\t<div class=\"elementor-testimonial-meta\">\n\t\t\t\t<div class=\"elementor-testimonial-meta-inner\">\n\t\t\t\t\t\n\t\t\t\t\t\t\t\t\t\t<div class=\"elementor-testimonial-details\">\n\t\t\t\t\t\t\t\t\t\t\t\t\t\t<div class=\"elementor-testimonial-name\">Lukas Stovel<\/div>\n\t\t\t\t\t\t\t\t\t\t\t\t\t\t\t\t\t\t\t\t\t\t<div class=\"elementor-testimonial-job\">Australia <\/div>\n\t\t\t\t\t\t\t\t\t\t\t\t\t<\/div>\n\t\t\t\t\t\t\t\t\t<\/div>\n\t\t\t<\/div>\n\t\t\t\t\t<\/div>\n\t\t\t\t\t\t<\/div>\n\t\t\t\t<\/div>\n\t\t\t\t\t<\/div>\n\t\t<\/div>\n\t\t\t\t<div class=\"elementor-column elementor-col-50 elementor-inner-column elementor-element elementor-element-7122515\" data-id=\"7122515\" data-element_type=\"column\" data-e-type=\"column\">\n\t\t\t<div class=\"elementor-widget-wrap elementor-element-populated\">\n\t\t\t\t\t\t<div class=\"elementor-element elementor-element-ea527c2 testimonial-class elementor-invisible elementor-widget elementor-widget-testimonial\" data-id=\"ea527c2\" data-element_type=\"widget\" data-e-type=\"widget\" data-settings=\"{&quot;_animation&quot;:&quot;slideInUp&quot;}\" data-widget_type=\"testimonial.default\">\n\t\t\t\t<div class=\"elementor-widget-container\">\n\t\t\t\t\t\t\t<div class=\"elementor-testimonial-wrapper\">\n\t\t\t\t\t\t\t<div class=\"elementor-testimonial-content\">\"The books are getting a lot cleaner and we are so blessed to have you as part of our team. blessings\"<\/div>\n\t\t\t\n\t\t\t\t\t\t<div class=\"elementor-testimonial-meta\">\n\t\t\t\t<div class=\"elementor-testimonial-meta-inner\">\n\t\t\t\t\t\n\t\t\t\t\t\t\t\t\t\t<div class=\"elementor-testimonial-details\">\n\t\t\t\t\t\t\t\t\t\t\t\t\t\t<div class=\"elementor-testimonial-name\">Linda Oxelmark<\/div>\n\t\t\t\t\t\t\t\t\t\t\t\t\t\t\t\t\t\t\t\t\t\t<div class=\"elementor-testimonial-job\">Canada<\/div>\n\t\t\t\t\t\t\t\t\t\t\t\t\t<\/div>\n\t\t\t\t\t\t\t\t\t<\/div>\n\t\t\t<\/div>\n\t\t\t\t\t<\/div>\n\t\t\t\t\t\t<\/div>\n\t\t\t\t<\/div>\n\t\t\t\t\t<\/div>\n\t\t<\/div>\n\t\t\t\t\t<\/div>\n\t\t<\/section>\n\t\t\t\t\t<\/div>\n\t\t<\/div>\n\t\t\t\t\t<\/div>\n\t\t<\/section>\n\t\t\t\t<section class=\"elementor-section elementor-top-section elementor-element elementor-element-2be1134a animated-slow elementor-section-boxed elementor-section-height-default elementor-section-height-default elementor-invisible\" data-id=\"2be1134a\" data-element_type=\"section\" data-e-type=\"section\" data-settings=\"{&quot;background_background&quot;:&quot;classic&quot;,&quot;animation&quot;:&quot;slideInUp&quot;}\">\n\t\t\t\t\t\t<div class=\"elementor-container elementor-column-gap-default\">\n\t\t\t\t\t<div class=\"elementor-column elementor-col-100 elementor-top-column elementor-element elementor-element-2350d263\" data-id=\"2350d263\" data-element_type=\"column\" data-e-type=\"column\">\n\t\t\t<div class=\"elementor-widget-wrap elementor-element-populated\">\n\t\t\t\t\t\t<div class=\"elementor-element elementor-element-481a32a0 animated-slow elementor-invisible elementor-widget elementor-widget-heading\" data-id=\"481a32a0\" data-element_type=\"widget\" data-e-type=\"widget\" data-settings=\"{&quot;motion_fx_motion_fx_scrolling&quot;:&quot;yes&quot;,&quot;motion_fx_range&quot;:&quot;page&quot;,&quot;_animation&quot;:&quot;zoomIn&quot;,&quot;motion_fx_devices&quot;:[&quot;desktop&quot;,&quot;tablet&quot;,&quot;mobile&quot;]}\" data-widget_type=\"heading.default\">\n\t\t\t\t<div class=\"elementor-widget-container\">\n\t\t\t\t\t<h2 class=\"elementor-heading-title elementor-size-default\">Want to create your own story?<\/h2>\t\t\t\t<\/div>\n\t\t\t\t<\/div>\n\t\t\t\t<div class=\"elementor-element elementor-element-90e7c92 animated-slow elementor-invisible elementor-widget elementor-widget-text-editor\" data-id=\"90e7c92\" data-element_type=\"widget\" data-e-type=\"widget\" data-settings=\"{&quot;motion_fx_motion_fx_scrolling&quot;:&quot;yes&quot;,&quot;motion_fx_range&quot;:&quot;page&quot;,&quot;_animation&quot;:&quot;zoomIn&quot;,&quot;motion_fx_devices&quot;:[&quot;desktop&quot;,&quot;tablet&quot;,&quot;mobile&quot;]}\" data-widget_type=\"text-editor.default\">\n\t\t\t\t<div class=\"elementor-widget-container\">\n\t\t\t\t\t\t\t\t\t<p>Get in touch with us, wherever you are.<\/p>\t\t\t\t\t\t\t\t<\/div>\n\t\t\t\t<\/div>\n\t\t\t\t<div class=\"elementor-element elementor-element-7af8ff65 elementor-button-info elementor-align-center elementor-widget elementor-widget-button\" data-id=\"7af8ff65\" data-element_type=\"widget\" data-e-type=\"widget\" data-widget_type=\"button.default\">\n\t\t\t\t<div class=\"elementor-widget-container\">\n\t\t\t\t\t\t\t\t\t<div class=\"elementor-button-wrapper\">\n\t\t\t\t\t<a class=\"elementor-button elementor-button-link elementor-size-sm\" href=\"https:\/\/shrinkconsulting.com\/usa\/contact\/\" id=\"get-quote\">\n\t\t\t\t\t\t<span class=\"elementor-button-content-wrapper\">\n\t\t\t\t\t\t\t\t\t<span class=\"elementor-button-text\">Contact Us<\/span>\n\t\t\t\t\t<\/span>\n\t\t\t\t\t<\/a>\n\t\t\t\t<\/div>\n\t\t\t\t\t\t\t\t<\/div>\n\t\t\t\t<\/div>\n\t\t\t\t\t<\/div>\n\t\t<\/div>\n\t\t\t\t\t<\/div>\n\t\t<\/section>\n\t\t\t\t<\/div>\n\t\t","protected":false},"excerpt":{"rendered":"<p>Testimonial&#8217;s &#8220;I worked with Pankaj and it&#8217;s company for approximately two years. He has always done a proper and thorough job, and delivered on every deadline. He always made sure to perform on a high level and it was a pleasure to work with him, and I would gladly work with him again.&#8221; Veronica Melcher&hellip; <a class=\"more-link\" href=\"https:\/\/shrinkconsulting.com\/usa\/testimonial\/\">Continue reading <span class=\"screen-reader-text\">Testimonial<\/span><\/a><\/p>\n","protected":false},"author":1,"featured_media":0,"parent":0,"menu_order":0,"comment_status":"closed","ping_status":"closed","template":"elementor_header_footer","meta":{"footnotes":""},"class_list":["post-371","page","type-page","status-publish","hentry","entry"],"yoast_head":"<!-- This site is optimized with the Yoast SEO plugin v22.8 - https:\/\/yoast.com\/wordpress\/plugins\/seo\/ -->\n<title>Client Testimonials | Shrink Consulting Success Stories<\/title>\n<meta name=\"description\" content=\"Read client testimonials and success stories showcasing the exceptional services provided by Shrink Consulting.\" \/>\n<meta name=\"robots\" content=\"index, follow, max-snippet:-1, max-image-preview:large, max-video-preview:-1\" \/>\n<link rel=\"canonical\" href=\"https:\/\/shrinkconsulting.com\/usa\/testimonial\/\" \/>\n<meta property=\"og:locale\" content=\"en_US\" \/>\n<meta property=\"og:type\" content=\"article\" \/>\n<meta property=\"og:title\" content=\"Client Testimonials | Shrink Consulting Success Stories\" \/>\n<meta property=\"og:description\" content=\"Read client testimonials and success stories showcasing the exceptional services provided by Shrink Consulting.\" \/>\n<meta property=\"og:url\" content=\"https:\/\/shrinkconsulting.com\/usa\/testimonial\/\" \/>\n<meta property=\"og:site_name\" content=\"Shrink Consulting\" \/>\n<meta property=\"article:modified_time\" content=\"2024-11-19T11:24:59+00:00\" \/>\n<meta property=\"og:image\" content=\"https:\/\/shrinkconsulting.com\/usa\/wp-content\/uploads\/2024\/04\/veronica-malcher-1.png\" \/>\n<meta name=\"twitter:card\" content=\"summary_large_image\" \/>\n<meta name=\"twitter:label1\" content=\"Est. reading time\" \/>\n\t<meta name=\"twitter:data1\" content=\"2 minutes\" \/>\n<script type=\"application\/ld+json\" class=\"yoast-schema-graph\">{\"@context\":\"https:\/\/schema.org\",\"@graph\":[{\"@type\":\"WebPage\",\"@id\":\"https:\/\/shrinkconsulting.com\/usa\/testimonial\/\",\"url\":\"https:\/\/shrinkconsulting.com\/usa\/testimonial\/\",\"name\":\"Client Testimonials | Shrink Consulting Success Stories\",\"isPartOf\":{\"@id\":\"https:\/\/shrinkconsulting.com\/usa\/#website\"},\"primaryImageOfPage\":{\"@id\":\"https:\/\/shrinkconsulting.com\/usa\/testimonial\/#primaryimage\"},\"image\":{\"@id\":\"https:\/\/shrinkconsulting.com\/usa\/testimonial\/#primaryimage\"},\"thumbnailUrl\":\"https:\/\/shrinkconsulting.com\/usa\/wp-content\/uploads\/2024\/04\/veronica-malcher-1.png\",\"datePublished\":\"2024-04-29T10:29:36+00:00\",\"dateModified\":\"2024-11-19T11:24:59+00:00\",\"description\":\"Read client testimonials and success stories showcasing the exceptional services provided by Shrink Consulting.\",\"breadcrumb\":{\"@id\":\"https:\/\/shrinkconsulting.com\/usa\/testimonial\/#breadcrumb\"},\"inLanguage\":\"en-US\",\"potentialAction\":[{\"@type\":\"ReadAction\",\"target\":[\"https:\/\/shrinkconsulting.com\/usa\/testimonial\/\"]}]},{\"@type\":\"ImageObject\",\"inLanguage\":\"en-US\",\"@id\":\"https:\/\/shrinkconsulting.com\/usa\/testimonial\/#primaryimage\",\"url\":\"https:\/\/shrinkconsulting.com\/usa\/wp-content\/uploads\/2024\/04\/veronica-malcher-1.png\",\"contentUrl\":\"https:\/\/shrinkconsulting.com\/usa\/wp-content\/uploads\/2024\/04\/veronica-malcher-1.png\",\"width\":80,\"height\":80},{\"@type\":\"BreadcrumbList\",\"@id\":\"https:\/\/shrinkconsulting.com\/usa\/testimonial\/#breadcrumb\",\"itemListElement\":[{\"@type\":\"ListItem\",\"position\":1,\"name\":\"Home\",\"item\":\"https:\/\/shrinkconsulting.com\/usa\/\"},{\"@type\":\"ListItem\",\"position\":2,\"name\":\"Testimonial\"}]},{\"@type\":\"WebSite\",\"@id\":\"https:\/\/shrinkconsulting.com\/usa\/#website\",\"url\":\"https:\/\/shrinkconsulting.com\/usa\/\",\"name\":\"Shrink Consulting\",\"description\":\"\",\"publisher\":{\"@id\":\"https:\/\/shrinkconsulting.com\/usa\/#organization\"},\"potentialAction\":[{\"@type\":\"SearchAction\",\"target\":{\"@type\":\"EntryPoint\",\"urlTemplate\":\"https:\/\/shrinkconsulting.com\/usa\/?s={search_term_string}\"},\"query-input\":\"required name=search_term_string\"}],\"inLanguage\":\"en-US\"},{\"@type\":\"Organization\",\"@id\":\"https:\/\/shrinkconsulting.com\/usa\/#organization\",\"name\":\"Shrink Consulting\",\"url\":\"https:\/\/shrinkconsulting.com\/usa\/\",\"logo\":{\"@type\":\"ImageObject\",\"inLanguage\":\"en-US\",\"@id\":\"https:\/\/shrinkconsulting.com\/usa\/#\/schema\/logo\/image\/\",\"url\":\"https:\/\/shrinkconsulting.com\/usa\/wp-content\/uploads\/2024\/04\/new-logo-no-background.png\",\"contentUrl\":\"https:\/\/shrinkconsulting.com\/usa\/wp-content\/uploads\/2024\/04\/new-logo-no-background.png\",\"width\":1500,\"height\":372,\"caption\":\"Shrink Consulting\"},\"image\":{\"@id\":\"https:\/\/shrinkconsulting.com\/usa\/#\/schema\/logo\/image\/\"}}]}<\/script>\n<!-- \/ Yoast SEO plugin. -->","yoast_head_json":{"title":"Client Testimonials | Shrink Consulting Success Stories","description":"Read client testimonials and success stories showcasing the exceptional services provided by Shrink Consulting.","robots":{"index":"index","follow":"follow","max-snippet":"max-snippet:-1","max-image-preview":"max-image-preview:large","max-video-preview":"max-video-preview:-1"},"canonical":"https:\/\/shrinkconsulting.com\/usa\/testimonial\/","og_locale":"en_US","og_type":"article","og_title":"Client Testimonials | Shrink Consulting Success Stories","og_description":"Read client testimonials and success stories showcasing the exceptional services provided by Shrink Consulting.","og_url":"https:\/\/shrinkconsulting.com\/usa\/testimonial\/","og_site_name":"Shrink Consulting","article_modified_time":"2024-11-19T11:24:59+00:00","og_image":[{"url":"https:\/\/shrinkconsulting.com\/usa\/wp-content\/uploads\/2024\/04\/veronica-malcher-1.png"}],"twitter_card":"summary_large_image","twitter_misc":{"Est. reading time":"2 minutes"},"schema":{"@context":"https:\/\/schema.org","@graph":[{"@type":"WebPage","@id":"https:\/\/shrinkconsulting.com\/usa\/testimonial\/","url":"https:\/\/shrinkconsulting.com\/usa\/testimonial\/","name":"Client Testimonials | Shrink Consulting Success Stories","isPartOf":{"@id":"https:\/\/shrinkconsulting.com\/usa\/#website"},"primaryImageOfPage":{"@id":"https:\/\/shrinkconsulting.com\/usa\/testimonial\/#primaryimage"},"image":{"@id":"https:\/\/shrinkconsulting.com\/usa\/testimonial\/#primaryimage"},"thumbnailUrl":"https:\/\/shrinkconsulting.com\/usa\/wp-content\/uploads\/2024\/04\/veronica-malcher-1.png","datePublished":"2024-04-29T10:29:36+00:00","dateModified":"2024-11-19T11:24:59+00:00","description":"Read client testimonials and success stories showcasing the exceptional services provided by Shrink Consulting.","breadcrumb":{"@id":"https:\/\/shrinkconsulting.com\/usa\/testimonial\/#breadcrumb"},"inLanguage":"en-US","potentialAction":[{"@type":"ReadAction","target":["https:\/\/shrinkconsulting.com\/usa\/testimonial\/"]}]},{"@type":"ImageObject","inLanguage":"en-US","@id":"https:\/\/shrinkconsulting.com\/usa\/testimonial\/#primaryimage","url":"https:\/\/shrinkconsulting.com\/usa\/wp-content\/uploads\/2024\/04\/veronica-malcher-1.png","contentUrl":"https:\/\/shrinkconsulting.com\/usa\/wp-content\/uploads\/2024\/04\/veronica-malcher-1.png","width":80,"height":80},{"@type":"BreadcrumbList","@id":"https:\/\/shrinkconsulting.com\/usa\/testimonial\/#breadcrumb","itemListElement":[{"@type":"ListItem","position":1,"name":"Home","item":"https:\/\/shrinkconsulting.com\/usa\/"},{"@type":"ListItem","position":2,"name":"Testimonial"}]},{"@type":"WebSite","@id":"https:\/\/shrinkconsulting.com\/usa\/#website","url":"https:\/\/shrinkconsulting.com\/usa\/","name":"Shrink Consulting","description":"","publisher":{"@id":"https:\/\/shrinkconsulting.com\/usa\/#organization"},"potentialAction":[{"@type":"SearchAction","target":{"@type":"EntryPoint","urlTemplate":"https:\/\/shrinkconsulting.com\/usa\/?s={search_term_string}"},"query-input":"required name=search_term_string"}],"inLanguage":"en-US"},{"@type":"Organization","@id":"https:\/\/shrinkconsulting.com\/usa\/#organization","name":"Shrink Consulting","url":"https:\/\/shrinkconsulting.com\/usa\/","logo":{"@type":"ImageObject","inLanguage":"en-US","@id":"https:\/\/shrinkconsulting.com\/usa\/#\/schema\/logo\/image\/","url":"https:\/\/shrinkconsulting.com\/usa\/wp-content\/uploads\/2024\/04\/new-logo-no-background.png","contentUrl":"https:\/\/shrinkconsulting.com\/usa\/wp-content\/uploads\/2024\/04\/new-logo-no-background.png","width":1500,"height":372,"caption":"Shrink Consulting"},"image":{"@id":"https:\/\/shrinkconsulting.com\/usa\/#\/schema\/logo\/image\/"}}]}},"_links":{"self":[{"href":"https:\/\/shrinkconsulting.com\/usa\/wp-json\/wp\/v2\/pages\/371","targetHints":{"allow":["GET"]}}],"collection":[{"href":"https:\/\/shrinkconsulting.com\/usa\/wp-json\/wp\/v2\/pages"}],"about":[{"href":"https:\/\/shrinkconsulting.com\/usa\/wp-json\/wp\/v2\/types\/page"}],"author":[{"embeddable":true,"href":"https:\/\/shrinkconsulting.com\/usa\/wp-json\/wp\/v2\/users\/1"}],"replies":[{"embeddable":true,"href":"https:\/\/shrinkconsulting.com\/usa\/wp-json\/wp\/v2\/comments?post=371"}],"version-history":[{"count":118,"href":"https:\/\/shrinkconsulting.com\/usa\/wp-json\/wp\/v2\/pages\/371\/revisions"}],"predecessor-version":[{"id":3735,"href":"https:\/\/shrinkconsulting.com\/usa\/wp-json\/wp\/v2\/pages\/371\/revisions\/3735"}],"wp:attachment":[{"href":"https:\/\/shrinkconsulting.com\/usa\/wp-json\/wp\/v2\/media?parent=371"}],"curies":[{"name":"wp","href":"https:\/\/api.w.org\/{rel}","templated":true}]}}